{"id":74069,"date":"2018-11-25T17:22:28","date_gmt":"2018-11-25T17:22:28","guid":{"rendered":"https:\/\/dev.ovpanorama.ch\/?page_id=74069"},"modified":"2026-01-08T19:27:06","modified_gmt":"2026-01-08T19:27:06","slug":"oev-panorama-ueber","status":"publish","type":"page","link":"https:\/\/www.ovpanorama.ch\/index.php\/oev-panorama-ueber\/","title":{"rendered":"\u00dcber \u00d6V Panorama"},"content":{"rendered":"<section class=\"wpb-content-wrapper\">[vc_row row_height_percent=&#8220;0&#8243; back_color=&#8220;color-210936&#8243; overlay_alpha=&#8220;50&#8243; gutter_size=&#8220;3&#8243; column_width_percent=&#8220;100&#8243; shift_y=&#8220;0&#8243; z_index=&#8220;0&#8243;][vc_column width=&#8220;1\/1&#8243;][vc_custom_heading text_color=&#8220;color-107258&#8243; text_font=&#8220;font-123651&#8243; text_italic=&#8220;yes&#8220;]Geschichten und Fotos aus der Welt des \u00f6ffentlichen Verkehrs. Seit 2011.[\/vc_custom_heading][vc_empty_space empty_h=&#8220;2&#8243;][vc_column_text]Seit mehr als acht Jahren portr\u00e4tieren wir von \u00d6V Panorama die Welt des \u00f6ffentlichen Verkehrs. Qualitativ hochwertige Bilder und pr\u00e4zise recherchierte Texte sind uns wichtig. Daf\u00fcr stehen wir schon mal mitten in der Nacht auf, um fr\u00fchmorgens in den ersten Sonnenstrahlen ein Motiv einzufangen. Oder w\u00e4lzen bis sp\u00e4t in die Nacht B\u00fccher und Quellen f\u00fcr die passenden Texte zu den Bildern. Die Resultate daraus publizieren wir hier auf \u00d6V Panorama.[\/vc_column_text][vc_column_text]Von 2011 bis 2018 erschien \u00d6V Panorama halbj\u00e4hrlich als geducktes Magazin. Die damit verbundenen Schwierigkeiten und die Fortschritte im Web haben uns dazu bewogen, unsere Artikel nunmehr auf dieser Webplatform zu ver\u00f6ffentlichen. Wir sind damit freier in der Wahl der Medien und k\u00f6nnen auch mal ein Bild mehr abdrucken. Als sch\u00f6ner Nebeneffekt ist \u00d6V Panorama damit auch f\u00fcr alle kostenlos zug\u00e4nglich. Die Redaktion arbeitet ehrenamtlich und verfolgt mit \u00d6V Panorama keinerlei kommerzielle Interessen.[\/vc_column_text][vc_empty_space empty_h=&#8220;2&#8243;][\/vc_column][\/vc_row][vc_row][vc_column width=&#8220;1\/1&#8243;][vc_custom_heading]Die K\u00f6pfe hinter \u00d6V Panorama[\/vc_custom_heading][vc_empty_space empty_h=&#8220;2&#8243;][uncode_author_profile user_id=&#8220;2&#8243; heading_semantic=&#8220;h3&#8243; text_font=&#8220;font-190620&#8243; text_size=&#8220;h3&#8243;][uncode_author_profile user_id=&#8220;3&#8243; heading_semantic=&#8220;h3&#8243; text_font=&#8220;font-123651&#8243; text_size=&#8220;h3&#8243;][uncode_author_profile user_id=&#8220;10&#8243; heading_semantic=&#8220;h3&#8243; text_font=&#8220;font-190620&#8243; text_size=&#8220;h3&#8243; uncode_shortcode_id=&#8220;159703&#8243;][uncode_author_profile user_id=&#8220;8&#8243; heading_semantic=&#8220;h3&#8243; text_font=&#8220;font-190620&#8243; text_size=&#8220;h3&#8243; uncode_shortcode_id=&#8220;181051&#8243;][vc_empty_space empty_h=&#8220;2&#8243;][\/vc_column][\/vc_row][vc_row][vc_column width=&#8220;1\/1&#8243;][vc_custom_heading]Impressum[\/vc_custom_heading][vc_column_text]Diese Webseite wird vom Verein \u00d6V Panorama bereitgestellt.\r\n\r\n\u00d6V Panorma\r\n8400 Winterthur\r\n\r\ninfo@ovpanorama.ch[\/vc_column_text][\/vc_column][\/vc_row]<\/section>","protected":false},"excerpt":{"rendered":"[vc_row row_height_percent=&#8220;0&#8243; back_color=&#8220;color-210936&#8243; overlay_alpha=&#8220;50&#8243; gutter_size=&#8220;3&#8243; column_width_percent=&#8220;100&#8243; shift_y=&#8220;0&#8243; z_index=&#8220;0&#8243;][vc_column width=&#8220;1\/1&#8243;][vc_custom_heading text_color=&#8220;color-107258&#8243; text_font=&#8220;font-123651&#8243; text_italic=&#8220;yes&#8220;]Geschichten und Fotos aus der Welt des \u00f6ffentlichen Verkehrs. [&hellip;]","protected":false},"author":1,"featured_media":74076,"parent":0,"menu_order":0,"comment_status":"closed","ping_status":"closed","template":"","meta":{"footnotes":""},"_links":{"self":[{"href":"https:\/\/www.ovpanorama.ch\/index.php\/wp-json\/wp\/v2\/pages\/74069"}],"collection":[{"href":"https:\/\/www.ovpanorama.ch\/index.php\/wp-json\/wp\/v2\/pages"}],"about":[{"href":"https:\/\/www.ovpanorama.ch\/index.php\/wp-json\/wp\/v2\/types\/page"}],"author":[{"embeddable":true,"href":"https:\/\/www.ovpanorama.ch\/index.php\/wp-json\/wp\/v2\/users\/1"}],"replies":[{"embeddable":true,"href":"https:\/\/www.ovpanorama.ch\/index.php\/wp-json\/wp\/v2\/comments?post=74069"}],"version-history":[{"count":16,"href":"https:\/\/www.ovpanorama.ch\/index.php\/wp-json\/wp\/v2\/pages\/74069\/revisions"}],"predecessor-version":[{"id":76247,"href":"https:\/\/www.ovpanorama.ch\/index.php\/wp-json\/wp\/v2\/pages\/74069\/revisions\/76247"}],"wp:featuredmedia":[{"embeddable":true,"href":"https:\/\/www.ovpanorama.ch\/index.php\/wp-json\/wp\/v2\/media\/74076"}],"wp:attachment":[{"href":"https:\/\/www.ovpanorama.ch\/index.php\/wp-json\/wp\/v2\/media?parent=74069"}],"curies":[{"name":"wp","href":"https:\/\/api.w.org\/{rel}","templated":true}]}}